{"id":799,"date":"2024-08-27T07:56:12","date_gmt":"2024-08-27T07:56:12","guid":{"rendered":"https:\/\/premiersolutionsms.com\/products\/"},"modified":"2024-12-03T19:15:46","modified_gmt":"2024-12-03T19:15:46","slug":"produits","status":"publish","type":"page","link":"https:\/\/premiersolutionsms.com\/fr\/produits\/","title":{"rendered":"PRODUITS"},"content":{"rendered":"\t\t<div data-elementor-type=\"wp-page\" data-elementor-id=\"799\" class=\"elementor elementor-799 elementor-10\" data-elementor-post-type=\"page\">\n\t\t\t\t\t\t<section class=\"elementor-section elementor-top-section elementor-element elementor-element-4b0d666e elementor-section-height-min-height elementor-section-boxed elementor-section-height-default elementor-section-items-middle\" data-id=\"4b0d666e\" data-element_type=\"section\" data-e-type=\"section\" data-settings=\"{&quot;background_background&quot;:&quot;classic&quot;}\">\n\t\t\t\t\t\t\t<div class=\"elementor-background-overlay\"><\/div>\n\t\t\t\t\t\t\t<div class=\"elementor-container elementor-column-gap-default\">\n\t\t\t\t\t<div class=\"elementor-column elementor-col-100 elementor-top-column elementor-element elementor-element-58321b63\" data-id=\"58321b63\" data-element_type=\"column\" data-e-type=\"column\">\n\t\t\t<div class=\"elementor-widget-wrap elementor-element-populated\">\n\t\t\t\t\t\t<div class=\"elementor-element elementor-element-b013f7b elementor-widget elementor-widget-heading\" data-id=\"b013f7b\" data-element_type=\"widget\" data-e-type=\"widget\" data-widget_type=\"heading.default\">\n\t\t\t\t<div class=\"elementor-widget-container\">\n\t\t\t\t\t<h2 class=\"elementor-heading-title elementor-size-default\">PRODUITS<\/h2>\t\t\t\t<\/div>\n\t\t\t\t<\/div>\n\t\t\t\t\t<\/div>\n\t\t<\/div>\n\t\t\t\t\t<\/div>\n\t\t<\/section>\n\t\t\t\t<section class=\"elementor-section elementor-top-section elementor-element elementor-element-f22a289 elementor-section-boxed elementor-section-height-default elementor-section-height-default\" data-id=\"f22a289\" data-element_type=\"section\" data-e-type=\"section\">\n\t\t\t\t\t\t\t<div class=\"elementor-background-overlay\"><\/div>\n\t\t\t\t\t\t\t<div class=\"elementor-container elementor-column-gap-default\">\n\t\t\t\t\t<div class=\"elementor-column elementor-col-100 elementor-top-column elementor-element elementor-element-49557eb\" data-id=\"49557eb\" data-element_type=\"column\" data-e-type=\"column\">\n\t\t\t<div class=\"elementor-widget-wrap elementor-element-populated\">\n\t\t\t\t\t\t<section class=\"elementor-section elementor-inner-section elementor-element elementor-element-201f31e elementor-section-boxed elementor-section-height-default elementor-section-height-default\" data-id=\"201f31e\" data-element_type=\"section\" data-e-type=\"section\">\n\t\t\t\t\t\t<div class=\"elementor-container elementor-column-gap-wide\">\n\t\t\t\t\t<div class=\"elementor-column elementor-col-50 elementor-inner-column elementor-element elementor-element-1462455\" data-id=\"1462455\" data-element_type=\"column\" data-e-type=\"column\">\n\t\t\t<div class=\"elementor-widget-wrap elementor-element-populated\">\n\t\t\t\t\t\t<div class=\"elementor-element elementor-element-aee9c93 elementor-widget elementor-widget-image\" data-id=\"aee9c93\" data-element_type=\"widget\" data-e-type=\"widget\" data-widget_type=\"image.default\">\n\t\t\t\t<div class=\"elementor-widget-container\">\n\t\t\t\t\t\t\t\t\t\t\t\t\t\t\t<img fetchpriority=\"high\" decoding=\"async\" width=\"565\" height=\"420\" src=\"https:\/\/premiersolutionsms.com\/wp-content\/uploads\/2024\/09\/image003.jpg\" class=\"attachment-large size-large wp-image-742\" alt=\"\" srcset=\"https:\/\/premiersolutionsms.com\/wp-content\/uploads\/2024\/09\/image003.jpg 565w, https:\/\/premiersolutionsms.com\/wp-content\/uploads\/2024\/09\/image003-300x223.jpg 300w, https:\/\/premiersolutionsms.com\/wp-content\/uploads\/2024\/09\/image003-16x12.jpg 16w\" sizes=\"(max-width: 565px) 100vw, 565px\" \/>\t\t\t\t\t\t\t\t\t\t\t\t\t\t\t<\/div>\n\t\t\t\t<\/div>\n\t\t\t\t<div class=\"elementor-element elementor-element-738d653 eael-infobox-content-align--left elementor-widget elementor-widget-eael-info-box\" data-id=\"738d653\" data-element_type=\"widget\" data-e-type=\"widget\" data-widget_type=\"eael-info-box.default\">\n\t\t\t\t<div class=\"elementor-widget-container\">\n\t\t\t\t\t        <div class=\"eael-infobox icon-on-top\">\n\t            <div class=\"infobox-content\">\n                    <div class=\"infobox-title-section\">\n                <h2 class=\"title\">\u00c9tiquettes thermiques sans impression<\/h2>            <\/div>\n            <div><ul><li style=\"font-weight: 400;text-align: left\">Stock sur les produits de tailles les plus populaires et tailles personnalis\u00e9es disponibles sur les \u00e9tiquettes \u00e0 transfert thermique et thermique direct.<\/li><li style=\"font-weight: 400;text-align: left\">Matrices disponibles sur des centaines de tailles d&rsquo;\u00e9tiquettes et d&rsquo;\u00e9tiquettes.<\/li><li style=\"font-weight: 400;text-align: left\">Rubans d&rsquo;impression OEM et comparables disponibles dans de nombreuses formulations pour la plupart des marques d&rsquo;imprimantes.<\/li><li style=\"font-weight: 400;text-align: left\">\u00c9tiquettes en rouleaux, en paravent, plates et en feuilles pour imprimantes laser.<\/li><li style=\"font-weight: 400;text-align: left\">Mat\u00e9riaux personnalis\u00e9s disponibles, y compris adh\u00e9sif de qualit\u00e9 cong\u00e9lateur, tissu ind\u00e9chirable et face imperm\u00e9able.<\/li><li style=\"font-weight: 400;text-align: left\">Ultra-amovible gr\u00e2ce \u00e0 des adh\u00e9sifs ultra-permanents disponibles.<\/li><li style=\"font-weight: 400;text-align: left\">Minimums tr\u00e8s bas.<\/li><li style=\"font-weight: 400;text-align: left\">Prix de palette disponibles.<\/li><\/ul><\/div>        <\/div>\n            <\/div>\n\n\t\t\t\t\t\t<\/div>\n\t\t\t\t<\/div>\n\t\t\t\t\t<\/div>\n\t\t<\/div>\n\t\t\t\t<div class=\"elementor-column elementor-col-50 elementor-inner-column elementor-element elementor-element-3776c00\" data-id=\"3776c00\" data-element_type=\"column\" data-e-type=\"column\">\n\t\t\t<div class=\"elementor-widget-wrap elementor-element-populated\">\n\t\t\t\t\t\t<div class=\"elementor-element elementor-element-79ebff2 elementor-widget elementor-widget-image\" data-id=\"79ebff2\" data-element_type=\"widget\" data-e-type=\"widget\" data-widget_type=\"image.default\">\n\t\t\t\t<div class=\"elementor-widget-container\">\n\t\t\t\t\t\t\t\t\t\t\t\t\t\t\t<img decoding=\"async\" width=\"603\" height=\"496\" src=\"https:\/\/premiersolutionsms.com\/wp-content\/uploads\/2024\/08\/Picture13.jpg\" class=\"attachment-large size-large wp-image-719\" alt=\"\" srcset=\"https:\/\/premiersolutionsms.com\/wp-content\/uploads\/2024\/08\/Picture13.jpg 603w, https:\/\/premiersolutionsms.com\/wp-content\/uploads\/2024\/08\/Picture13-300x247.jpg 300w\" sizes=\"(max-width: 603px) 100vw, 603px\" \/>\t\t\t\t\t\t\t\t\t\t\t\t\t\t\t<\/div>\n\t\t\t\t<\/div>\n\t\t\t\t<div class=\"elementor-element elementor-element-1d6466a eael-infobox-content-align--left elementor-widget elementor-widget-eael-info-box\" data-id=\"1d6466a\" data-element_type=\"widget\" data-e-type=\"widget\" data-widget_type=\"eael-info-box.default\">\n\t\t\t\t<div class=\"elementor-widget-container\">\n\t\t\t\t\t        <div class=\"eael-infobox icon-on-top\">\n\t            <div class=\"infobox-content\">\n                    <div class=\"infobox-title-section\">\n                <h2 class=\"title\">\u00c9tiquettes et tags imprim\u00e9s<\/h2>            <\/div>\n            <div><ul>\n<li style=\"font-weight: 400;text-align: left\">D&rsquo;une couleur \u00e0 pleine couleur.<\/li>\n<li style=\"font-weight: 400;text-align: left\">Impression en proc\u00e9d\u00e9 PMS ou CMYK<\/li>\n<li style=\"font-weight: 400;text-align: left\">Vernis et stratifi\u00e9s disponibles.<\/li>\n<li>Papier et synth\u00e9tiques ind\u00e9chirables disponibles.<\/li>\n<\/ul>\n<\/div>        <\/div>\n            <\/div>\n\n\t\t\t\t\t\t<\/div>\n\t\t\t\t<\/div>\n\t\t\t\t\t<\/div>\n\t\t<\/div>\n\t\t\t\t\t<\/div>\n\t\t<\/section>\n\t\t\t\t<section class=\"elementor-section elementor-inner-section elementor-element elementor-element-1399f94 elementor-section-boxed elementor-section-height-default elementor-section-height-default\" data-id=\"1399f94\" data-element_type=\"section\" data-e-type=\"section\">\n\t\t\t\t\t\t<div class=\"elementor-container elementor-column-gap-wide\">\n\t\t\t\t\t<div class=\"elementor-column elementor-col-50 elementor-inner-column elementor-element elementor-element-17727fc\" data-id=\"17727fc\" data-element_type=\"column\" data-e-type=\"column\">\n\t\t\t<div class=\"elementor-widget-wrap elementor-element-populated\">\n\t\t\t\t\t\t<div class=\"elementor-element elementor-element-3256ac6 elementor-widget elementor-widget-image\" data-id=\"3256ac6\" data-element_type=\"widget\" data-e-type=\"widget\" data-widget_type=\"image.default\">\n\t\t\t\t<div class=\"elementor-widget-container\">\n\t\t\t\t\t\t\t\t\t\t\t\t\t\t\t<img decoding=\"async\" width=\"318\" height=\"425\" src=\"https:\/\/premiersolutionsms.com\/wp-content\/uploads\/2024\/09\/image004.jpg\" class=\"attachment-full size-full wp-image-743\" alt=\"\" srcset=\"https:\/\/premiersolutionsms.com\/wp-content\/uploads\/2024\/09\/image004.jpg 318w, https:\/\/premiersolutionsms.com\/wp-content\/uploads\/2024\/09\/image004-224x300.jpg 224w, https:\/\/premiersolutionsms.com\/wp-content\/uploads\/2024\/09\/image004-9x12.jpg 9w\" sizes=\"(max-width: 318px) 100vw, 318px\" \/>\t\t\t\t\t\t\t\t\t\t\t\t\t\t\t<\/div>\n\t\t\t\t<\/div>\n\t\t\t\t<div class=\"elementor-element elementor-element-1ed4a67 eael-infobox-content-align--left elementor-widget elementor-widget-eael-info-box\" data-id=\"1ed4a67\" data-element_type=\"widget\" data-e-type=\"widget\" data-widget_type=\"eael-info-box.default\">\n\t\t\t\t<div class=\"elementor-widget-container\">\n\t\t\t\t\t        <div class=\"eael-infobox icon-on-top\">\n\t            <div class=\"infobox-content\">\n                    <div class=\"infobox-title-section\">\n                <h2 class=\"title\">Imagerie variable<\/h2>            <\/div>\n            <div><ul>\n<li style=\"font-weight: 400\">Codes \u00e0 barres<\/li>\n<li style=\"font-weight: 400\">Num\u00e9ros cons\u00e9cutifs<\/li>\n<li style=\"font-weight: 400\">Variable alphanum\u00e9rique<\/li>\n<li style=\"font-weight: 400\">Champs multiples<\/li>\n<li style=\"font-weight: 400\">Propos\u00e9 sur des \u00e9tiquettes, des \u00e9tiquettes en papier, ainsi que du satin, du nylon et du Tyvek<\/li>\n<\/ul>\n<\/div>        <\/div>\n            <\/div>\n\n\t\t\t\t\t\t<\/div>\n\t\t\t\t<\/div>\n\t\t\t\t\t<\/div>\n\t\t<\/div>\n\t\t\t\t<div class=\"elementor-column elementor-col-50 elementor-inner-column elementor-element elementor-element-5b8119c\" data-id=\"5b8119c\" data-element_type=\"column\" data-e-type=\"column\">\n\t\t\t<div class=\"elementor-widget-wrap elementor-element-populated\">\n\t\t\t\t\t\t<div class=\"elementor-element elementor-element-24240fb elementor-widget elementor-widget-image\" data-id=\"24240fb\" data-element_type=\"widget\" data-e-type=\"widget\" data-widget_type=\"image.default\">\n\t\t\t\t<div class=\"elementor-widget-container\">\n\t\t\t\t\t\t\t\t\t\t\t\t\t\t\t<img loading=\"lazy\" decoding=\"async\" width=\"826\" height=\"565\" src=\"https:\/\/premiersolutionsms.com\/wp-content\/uploads\/2024\/08\/new-innovative-technology-automatic-label-printing-machine-with-digital-control-panel-printing-o_1022426-18123.jpg\" class=\"attachment-large size-large wp-image-687\" alt=\"\" srcset=\"https:\/\/premiersolutionsms.com\/wp-content\/uploads\/2024\/08\/new-innovative-technology-automatic-label-printing-machine-with-digital-control-panel-printing-o_1022426-18123.jpg 826w, https:\/\/premiersolutionsms.com\/wp-content\/uploads\/2024\/08\/new-innovative-technology-automatic-label-printing-machine-with-digital-control-panel-printing-o_1022426-18123-300x205.jpg 300w, https:\/\/premiersolutionsms.com\/wp-content\/uploads\/2024\/08\/new-innovative-technology-automatic-label-printing-machine-with-digital-control-panel-printing-o_1022426-18123-768x525.jpg 768w\" sizes=\"(max-width: 826px) 100vw, 826px\" \/>\t\t\t\t\t\t\t\t\t\t\t\t\t\t\t<\/div>\n\t\t\t\t<\/div>\n\t\t\t\t<div class=\"elementor-element elementor-element-5fb0084 eael-infobox-content-align--left elementor-widget elementor-widget-eael-info-box\" data-id=\"5fb0084\" data-element_type=\"widget\" data-e-type=\"widget\" data-widget_type=\"eael-info-box.default\">\n\t\t\t\t<div class=\"elementor-widget-container\">\n\t\t\t\t\t        <div class=\"eael-infobox icon-on-top\">\n\t            <div class=\"infobox-content\">\n                    <div class=\"infobox-title-section\">\n                <h2 class=\"title\">Impression g\u00e9n\u00e9rale<\/h2>            <\/div>\n            <div><ul>\n<li>Inserts <\/li>\n<li>D\u00e9pliants<\/li>\n<li>Dessus de rack<\/li>\n<li>Ch\u00e8ques<\/li>\n<li>Enveloppes<\/li>\n<li>Formulaires<\/li>\n<li>Litt\u00e9rature promotionnelle<\/li>\n<li>Signalisation int\u00e9rieure\/ext\u00e9rieure<\/li>\n<li>Fiches\/livrets d&rsquo;instructions<\/li>\n<li>Fiches\/livrets d&rsquo;assemblage<\/li>\n<li>Magazines et rapports annuels<\/li>\n<\/ul>\n<\/div>        <\/div>\n            <\/div>\n\n\t\t\t\t\t\t<\/div>\n\t\t\t\t<\/div>\n\t\t\t\t\t<\/div>\n\t\t<\/div>\n\t\t\t\t\t<\/div>\n\t\t<\/section>\n\t\t\t\t\t<\/div>\n\t\t<\/div>\n\t\t\t\t\t<\/div>\n\t\t<\/section>\n\t\t\t\t<\/div>\n\t\t","protected":false},"excerpt":{"rendered":"<p>PRODUITS \u00c9tiquettes thermiques sans impression Stock sur les produits de tailles les plus populaires et tailles personnalis\u00e9es disponibles sur les [&hellip;]<\/p>\n","protected":false},"author":1,"featured_media":0,"parent":0,"menu_order":0,"comment_status":"closed","ping_status":"closed","template":"","meta":{"site-sidebar-layout":"no-sidebar","site-content-layout":"","ast-site-content-layout":"full-width-container","site-content-style":"default","site-sidebar-style":"default","ast-global-header-display":"","ast-banner-title-visibility":"","ast-main-header-display":"","ast-hfb-above-header-display":"","ast-hfb-below-header-display":"","ast-hfb-mobile-header-display":"","site-post-title":"disabled","ast-breadcrumbs-content":"","ast-featured-img":"disabled","footer-sml-layout":"","ast-disable-related-posts":"","theme-transparent-header-meta":"default","adv-header-id-meta":"","stick-header-meta":"","header-above-stick-meta":"","header-main-stick-meta":"","header-below-stick-meta":"","astra-migrate-meta-layouts":"set","ast-page-background-enabled":"default","ast-page-background-meta":{"desktop":{"background-color":"var(--ast-global-color-4)","background-image":"","background-repeat":"repeat","background-position":"center center","background-size":"auto","background-attachment":"scroll","background-type":"","background-media":"","overlay-type":"","overlay-color":"","overlay-opacity":"","overlay-gradient":""},"tablet":{"background-color":"","background-image":"","background-repeat":"repeat","background-position":"center center","background-size":"auto","background-attachment":"scroll","background-type":"","background-media":"","overlay-type":"","overlay-color":"","overlay-opacity":"","overlay-gradient":""},"mobile":{"background-color":"","background-image":"","background-repeat":"repeat","background-position":"center center","background-size":"auto","background-attachment":"scroll","background-type":"","background-media":"","overlay-type":"","overlay-color":"","overlay-opacity":"","overlay-gradient":""}},"ast-content-background-meta":{"desktop":{"background-color":"var(--ast-global-color-5)","background-image":"","background-repeat":"repeat","background-position":"center center","background-size":"auto","background-attachment":"scroll","background-type":"","background-media":"","overlay-type":"","overlay-color":"","overlay-opacity":"","overlay-gradient":""},"tablet":{"background-color":"var(--ast-global-color-5)","background-image":"","background-repeat":"repeat","background-position":"center center","background-size":"auto","background-attachment":"scroll","background-type":"","background-media":"","overlay-type":"","overlay-color":"","overlay-opacity":"","overlay-gradient":""},"mobile":{"background-color":"var(--ast-global-color-5)","background-image":"","background-repeat":"repeat","background-position":"center center","background-size":"auto","background-attachment":"scroll","background-type":"","background-media":"","overlay-type":"","overlay-color":"","overlay-opacity":"","overlay-gradient":""}},"footnotes":""},"class_list":["post-799","page","type-page","status-publish","hentry"],"_links":{"self":[{"href":"https:\/\/premiersolutionsms.com\/fr\/wp-json\/wp\/v2\/pages\/799","targetHints":{"allow":["GET"]}}],"collection":[{"href":"https:\/\/premiersolutionsms.com\/fr\/wp-json\/wp\/v2\/pages"}],"about":[{"href":"https:\/\/premiersolutionsms.com\/fr\/wp-json\/wp\/v2\/types\/page"}],"author":[{"embeddable":true,"href":"https:\/\/premiersolutionsms.com\/fr\/wp-json\/wp\/v2\/users\/1"}],"replies":[{"embeddable":true,"href":"https:\/\/premiersolutionsms.com\/fr\/wp-json\/wp\/v2\/comments?post=799"}],"version-history":[{"count":41,"href":"https:\/\/premiersolutionsms.com\/fr\/wp-json\/wp\/v2\/pages\/799\/revisions"}],"predecessor-version":[{"id":1114,"href":"https:\/\/premiersolutionsms.com\/fr\/wp-json\/wp\/v2\/pages\/799\/revisions\/1114"}],"wp:attachment":[{"href":"https:\/\/premiersolutionsms.com\/fr\/wp-json\/wp\/v2\/media?parent=799"}],"curies":[{"name":"wp","href":"https:\/\/api.w.org\/{rel}","templated":true}]}}