{"id":746,"date":"2024-08-27T07:55:56","date_gmt":"2024-08-27T07:55:56","guid":{"rendered":"https:\/\/premiersolutionsms.com\/acerca-de\/"},"modified":"2024-12-03T00:52:25","modified_gmt":"2024-12-03T00:52:25","slug":"a-propos","status":"publish","type":"page","link":"https:\/\/premiersolutionsms.com\/fr\/a-propos\/","title":{"rendered":"\u00c0 PROPOS"},"content":{"rendered":"\t\t<div data-elementor-type=\"wp-page\" data-elementor-id=\"746\" class=\"elementor elementor-746 elementor-8\" data-elementor-post-type=\"page\">\n\t\t\t\t\t\t<section class=\"elementor-section elementor-top-section elementor-element elementor-element-f9f1b1e elementor-section-height-min-height elementor-section-boxed elementor-section-height-default elementor-section-items-middle\" data-id=\"f9f1b1e\" data-element_type=\"section\" data-e-type=\"section\" data-settings=\"{&quot;background_background&quot;:&quot;classic&quot;}\">\n\t\t\t\t\t\t\t<div class=\"elementor-background-overlay\"><\/div>\n\t\t\t\t\t\t\t<div class=\"elementor-container elementor-column-gap-default\">\n\t\t\t\t\t<div class=\"elementor-column elementor-col-100 elementor-top-column elementor-element elementor-element-fe26dfe\" data-id=\"fe26dfe\" data-element_type=\"column\" data-e-type=\"column\">\n\t\t\t<div class=\"elementor-widget-wrap elementor-element-populated\">\n\t\t\t\t\t\t<div class=\"elementor-element elementor-element-1c2e08e elementor-widget elementor-widget-heading\" data-id=\"1c2e08e\" data-element_type=\"widget\" data-e-type=\"widget\" data-widget_type=\"heading.default\">\n\t\t\t\t<div class=\"elementor-widget-container\">\n\t\t\t\t\t<h2 class=\"elementor-heading-title elementor-size-default\">\u00c0 PROPOS<\/h2>\t\t\t\t<\/div>\n\t\t\t\t<\/div>\n\t\t\t\t\t<\/div>\n\t\t<\/div>\n\t\t\t\t\t<\/div>\n\t\t<\/section>\n\t\t\t\t<section class=\"elementor-section elementor-top-section elementor-element elementor-element-35232400 elementor-section-content-middle elementor-section-boxed elementor-section-height-default elementor-section-height-default\" data-id=\"35232400\" data-element_type=\"section\" data-e-type=\"section\" data-settings=\"{&quot;background_background&quot;:&quot;classic&quot;}\">\n\t\t\t\t\t\t<div class=\"elementor-container elementor-column-gap-wide\">\n\t\t\t\t\t<div class=\"elementor-column elementor-col-50 elementor-top-column elementor-element elementor-element-3cf3efde\" data-id=\"3cf3efde\" data-element_type=\"column\" data-e-type=\"column\" data-settings=\"{&quot;background_background&quot;:&quot;classic&quot;}\">\n\t\t\t<div class=\"elementor-widget-wrap elementor-element-populated\">\n\t\t\t\t\t\t<div class=\"elementor-element elementor-element-30345a0 elementor-widget elementor-widget-image\" data-id=\"30345a0\" data-element_type=\"widget\" data-e-type=\"widget\" data-widget_type=\"image.default\">\n\t\t\t\t<div class=\"elementor-widget-container\">\n\t\t\t\t\t\t\t\t\t\t\t\t\t\t\t<img fetchpriority=\"high\" decoding=\"async\" width=\"826\" height=\"565\" src=\"https:\/\/premiersolutionsms.com\/wp-content\/uploads\/2024\/08\/closeup-printing-press-machine-with-moving-printed-material-visible-caution-labels_427757-8874.jpg\" class=\"attachment-large size-large wp-image-708\" alt=\"\" srcset=\"https:\/\/premiersolutionsms.com\/wp-content\/uploads\/2024\/08\/closeup-printing-press-machine-with-moving-printed-material-visible-caution-labels_427757-8874.jpg 826w, https:\/\/premiersolutionsms.com\/wp-content\/uploads\/2024\/08\/closeup-printing-press-machine-with-moving-printed-material-visible-caution-labels_427757-8874-300x205.jpg 300w, https:\/\/premiersolutionsms.com\/wp-content\/uploads\/2024\/08\/closeup-printing-press-machine-with-moving-printed-material-visible-caution-labels_427757-8874-768x525.jpg 768w\" sizes=\"(max-width: 826px) 100vw, 826px\" \/>\t\t\t\t\t\t\t\t\t\t\t\t\t\t\t<\/div>\n\t\t\t\t<\/div>\n\t\t\t\t\t<\/div>\n\t\t<\/div>\n\t\t\t\t<div class=\"elementor-column elementor-col-50 elementor-top-column elementor-element elementor-element-62df1eb2\" data-id=\"62df1eb2\" data-element_type=\"column\" data-e-type=\"column\">\n\t\t\t<div class=\"elementor-widget-wrap elementor-element-populated\">\n\t\t\t\t\t\t<div class=\"elementor-element elementor-element-c2a3f54 elementor-widget-divider--view-line_text elementor-hidden-desktop elementor-hidden-tablet elementor-hidden-mobile elementor-widget-divider--element-align-center elementor-widget elementor-widget-divider\" data-id=\"c2a3f54\" data-element_type=\"widget\" data-e-type=\"widget\" data-widget_type=\"divider.default\">\n\t\t\t\t<div class=\"elementor-widget-container\">\n\t\t\t\t\t\t\t<div class=\"elementor-divider\">\n\t\t\t<span class=\"elementor-divider-separator\">\n\t\t\t\t\t\t\t<span class=\"elementor-divider__text elementor-divider__element\">\n\t\t\t\t\u00c0 PROPOS\t\t\t\t<\/span>\n\t\t\t\t\t\t<\/span>\n\t\t<\/div>\n\t\t\t\t\t\t<\/div>\n\t\t\t\t<\/div>\n\t\t\t\t<div class=\"elementor-element elementor-element-4fc320a3 elementor-widget elementor-widget-heading\" data-id=\"4fc320a3\" data-element_type=\"widget\" data-e-type=\"widget\" data-widget_type=\"heading.default\">\n\t\t\t\t<div class=\"elementor-widget-container\">\n\t\t\t\t\t<h2 class=\"elementor-heading-title elementor-size-xxl\">Premier Solutions MS<\/h2>\t\t\t\t<\/div>\n\t\t\t\t<\/div>\n\t\t\t\t<div class=\"elementor-element elementor-element-5a976b8 elementor-widget elementor-widget-text-editor\" data-id=\"5a976b8\" data-element_type=\"widget\" data-e-type=\"widget\" data-widget_type=\"text-editor.default\">\n\t\t\t\t<div class=\"elementor-widget-container\">\n\t\t\t\t\t\t\t\t\t<p><span style=\"font-weight: 400;\">Premier Solutions MS est un distributeur de produits d&rsquo;impression bas\u00e9 \u00e0 Montr\u00e9al.<\/span><\/p><p><span style=\"font-weight: 400;\">\u00a0<\/span><span style=\"font-weight: 400;\">Ce que nous offrons est vaste. En bref, notre gamme de produits a \u00e9voluer, de sorte que nous pouvons r\u00e9pondre aux besoins sp\u00e9cifiques des d\u00e9taillants, des distributeurs et des entrep\u00f4ts.<\/span><\/p><p><span style=\"font-weight: 400;\">\u00a0<\/span><span style=\"font-weight: 400;\">Ceci implique la capacit\u00e9 d\u2019imprimer sur presque toutes les surfaces et la d\u00e9coupe personnalis\u00e9e. Gr\u00e2ce \u00e0 notre vaste r\u00e9seau, nous sommes en mesure d&rsquo;assurer des livraisons rapides \u00e0 des tarifs tr\u00e8s comp\u00e9titifs.<\/span><\/p><p><span style=\"font-weight: 400;\">\u00a0<\/span><span style=\"font-weight: 400;\">Avec plus de 25 ans d&rsquo;exp\u00e9rience dans le domaine des formulaires et des \u00e9tiquettes, nous sommes tout-\u00e0-fait dispos\u00e9 \u00e0 vous rencontrer pour vous aider \u00e0 am\u00e9liorer l\u2019efficacit\u00e9 de vos syst\u00e8mes et, au final, faire des \u00e9conomies.<\/span><\/p><p><span style=\"font-weight: 400;\">\u00a0<\/span><span style=\"font-weight: 400;\">L\u2019industrie de l&rsquo;impression a r\u00e9cemment connu de nombreuses innovations. Il existe sans doute\u00a0 des m\u00e9thodes plus efficaces qui vous permettront de transmettre votre message. Permettez-nous de vous montrer ce que nous avons \u00e0 vous offrir.<\/span><\/p>\t\t\t\t\t\t\t\t<\/div>\n\t\t\t\t<\/div>\n\t\t\t\t<div class=\"elementor-element elementor-element-1e7ce78 elementor-hidden-desktop elementor-hidden-tablet elementor-hidden-mobile elementor-widget elementor-widget-button\" data-id=\"1e7ce78\" data-element_type=\"widget\" data-e-type=\"widget\" data-widget_type=\"button.default\">\n\t\t\t\t<div class=\"elementor-widget-container\">\n\t\t\t\t\t\t\t\t\t<div class=\"elementor-button-wrapper\">\n\t\t\t\t\t<a class=\"elementor-button elementor-button-link elementor-size-sm elementor-animation-grow\" href=\"https:\/\/premiersolutionsms.com\/fr\/contact\/\">\n\t\t\t\t\t\t<span class=\"elementor-button-content-wrapper\">\n\t\t\t\t\t\t\t\t\t<span class=\"elementor-button-text\">CONTACT<\/span>\n\t\t\t\t\t<\/span>\n\t\t\t\t\t<\/a>\n\t\t\t\t<\/div>\n\t\t\t\t\t\t\t\t<\/div>\n\t\t\t\t<\/div>\n\t\t\t\t\t<\/div>\n\t\t<\/div>\n\t\t\t\t\t<\/div>\n\t\t<\/section>\n\t\t\t\t<section class=\"elementor-section elementor-top-section elementor-element elementor-element-5fc4cc6 elementor-section-boxed elementor-section-height-default elementor-section-height-default\" data-id=\"5fc4cc6\" data-element_type=\"section\" data-e-type=\"section\" data-settings=\"{&quot;background_background&quot;:&quot;classic&quot;}\">\n\t\t\t\t\t\t\t<div class=\"elementor-background-overlay\"><\/div>\n\t\t\t\t\t\t\t<div class=\"elementor-container elementor-column-gap-default\">\n\t\t\t\t\t<div class=\"elementor-column elementor-col-50 elementor-top-column elementor-element elementor-element-674cc9e\" data-id=\"674cc9e\" data-element_type=\"column\" data-e-type=\"column\">\n\t\t\t<div class=\"elementor-widget-wrap elementor-element-populated\">\n\t\t\t\t\t\t<div class=\"elementor-element elementor-element-0242fc7 elementor-widget-divider--view-line_text elementor-widget-divider--element-align-center elementor-widget elementor-widget-divider\" data-id=\"0242fc7\" data-element_type=\"widget\" data-e-type=\"widget\" data-widget_type=\"divider.default\">\n\t\t\t\t<div class=\"elementor-widget-container\">\n\t\t\t\t\t\t\t<div class=\"elementor-divider\">\n\t\t\t<span class=\"elementor-divider-separator\">\n\t\t\t\t\t\t\t<span class=\"elementor-divider__text elementor-divider__element\">\n\t\t\t\tPremier Solutions MS\t\t\t\t<\/span>\n\t\t\t\t\t\t<\/span>\n\t\t<\/div>\n\t\t\t\t\t\t<\/div>\n\t\t\t\t<\/div>\n\t\t\t\t<div class=\"elementor-element elementor-element-79715a3 elementor-widget elementor-widget-heading\" data-id=\"79715a3\" data-element_type=\"widget\" data-e-type=\"widget\" data-widget_type=\"heading.default\">\n\t\t\t\t<div class=\"elementor-widget-container\">\n\t\t\t\t\t<h2 class=\"elementor-heading-title elementor-size-default\">POURQUOI NOUS CHOISIR\n<\/h2>\t\t\t\t<\/div>\n\t\t\t\t<\/div>\n\t\t\t\t<div class=\"elementor-element elementor-element-23497ab elementor-widget elementor-widget-text-editor\" data-id=\"23497ab\" data-element_type=\"widget\" data-e-type=\"widget\" data-widget_type=\"text-editor.default\">\n\t\t\t\t<div class=\"elementor-widget-container\">\n\t\t\t\t\t\t\t\t\t<p>Chez Premier Solutions MS, nous sommes fiers d&rsquo;\u00eatre un distributeur d&rsquo;imprimerie de premier plan bas\u00e9 \u00e0 Montr\u00e9al. Notre engagement envers l&rsquo;excellence et l&rsquo;innovation nous a permis de servir les d\u00e9taillants, les distributeurs et les entrep\u00f4ts avec une qualit\u00e9 et une efficacit\u00e9 in\u00e9gal\u00e9es.<\/p>\n<p> <\/p>\n\t\t\t\t\t\t\t\t<\/div>\n\t\t\t\t<\/div>\n\t\t\t\t<div class=\"elementor-element elementor-element-8bce79a elementor-position-left elementor-vertical-align-middle elementor-widget elementor-widget-image-box\" data-id=\"8bce79a\" data-element_type=\"widget\" data-e-type=\"widget\" data-widget_type=\"image-box.default\">\n\t\t\t\t<div class=\"elementor-widget-container\">\n\t\t\t\t\t<div class=\"elementor-image-box-wrapper\"><figure class=\"elementor-image-box-img\"><img decoding=\"async\" width=\"128\" height=\"128\" src=\"https:\/\/premiersolutionsms.com\/wp-content\/uploads\/2024\/08\/laser.png\" class=\"attachment-full size-full wp-image-295\" alt=\"\" \/><\/figure><div class=\"elementor-image-box-content\"><h3 class=\"elementor-image-box-title\">Expertise<\/h3><p class=\"elementor-image-box-description\">Avec plus de 25 ans d'exp\u00e9rience en impression, Premier Solutions MS poss\u00e8de une connaissance approfondie des formulaires, des \u00e9tiquettes et des solutions d'impression personnalis\u00e9s.\n<\/p><\/div><\/div>\t\t\t\t<\/div>\n\t\t\t\t<\/div>\n\t\t\t\t<div class=\"elementor-element elementor-element-6126919 elementor-position-left elementor-vertical-align-middle elementor-widget elementor-widget-image-box\" data-id=\"6126919\" data-element_type=\"widget\" data-e-type=\"widget\" data-widget_type=\"image-box.default\">\n\t\t\t\t<div class=\"elementor-widget-container\">\n\t\t\t\t\t<div class=\"elementor-image-box-wrapper\"><figure class=\"elementor-image-box-img\"><img decoding=\"async\" width=\"128\" height=\"128\" src=\"https:\/\/premiersolutionsms.com\/wp-content\/uploads\/2024\/08\/printing-1.png\" class=\"attachment-full size-full wp-image-296\" alt=\"\" \/><\/figure><div class=\"elementor-image-box-content\"><h3 class=\"elementor-image-box-title\">Une Offre Compl\u00e8te<\/h3><p class=\"elementor-image-box-description\">Nous proposons des \u00e9tiquettes thermiques vierges de format standard ainsi que des rubans d'impression. Nous offrons \u00e9galement une large gamme de solutions personnalis\u00e9es afin de r\u00e9pondre \u00e0 vos besoins sp\u00e9cifiques.\n<\/p><\/div><\/div>\t\t\t\t<\/div>\n\t\t\t\t<\/div>\n\t\t\t\t<div class=\"elementor-element elementor-element-a79daa9 elementor-position-left elementor-vertical-align-middle elementor-widget elementor-widget-image-box\" data-id=\"a79daa9\" data-element_type=\"widget\" data-e-type=\"widget\" data-widget_type=\"image-box.default\">\n\t\t\t\t<div class=\"elementor-widget-container\">\n\t\t\t\t\t<div class=\"elementor-image-box-wrapper\"><figure class=\"elementor-image-box-img\"><img loading=\"lazy\" decoding=\"async\" width=\"128\" height=\"128\" src=\"https:\/\/premiersolutionsms.com\/wp-content\/uploads\/2024\/08\/pricing.png\" class=\"attachment-full size-full wp-image-297\" alt=\"\" \/><\/figure><div class=\"elementor-image-box-content\"><h3 class=\"elementor-image-box-title\">Prix Comp\u00e9titifs<\/h3><p class=\"elementor-image-box-description\">Nous savons que le respect des budgets est crucial pour votre entreprise. Voil\u00e0 pourquoi Premier Solutions MS s\u2019engage \u00e0 fournir des produits de haute qualit\u00e9, avec livraison rapide, \u00e0 des prix tr\u00e8s comp\u00e9titifs. N\u2019h\u00e9sitez pas \u00e0 nous demander des renseignements au sujet de nos r\u00e9ductions sur les volumes.\n<\/p><\/div><\/div>\t\t\t\t<\/div>\n\t\t\t\t<\/div>\n\t\t\t\t\t<\/div>\n\t\t<\/div>\n\t\t\t\t<div class=\"elementor-column elementor-col-50 elementor-top-column elementor-element elementor-element-7e12037\" data-id=\"7e12037\" data-element_type=\"column\" data-e-type=\"column\">\n\t\t\t<div class=\"elementor-widget-wrap elementor-element-populated\">\n\t\t\t\t\t\t<div class=\"elementor-element elementor-element-69d4a56 elementor-widget elementor-widget-image\" data-id=\"69d4a56\" data-element_type=\"widget\" data-e-type=\"widget\" data-widget_type=\"image.default\">\n\t\t\t\t<div class=\"elementor-widget-container\">\n\t\t\t\t\t\t\t\t\t\t\t\t\t\t\t<img loading=\"lazy\" decoding=\"async\" width=\"996\" height=\"558\" src=\"https:\/\/premiersolutionsms.com\/wp-content\/uploads\/2024\/08\/modern-industrial-label-printing-machine-with-vibrant-red-labels-factory-setting_1055425-24157.jpg\" class=\"attachment-large size-large wp-image-698\" alt=\"\" srcset=\"https:\/\/premiersolutionsms.com\/wp-content\/uploads\/2024\/08\/modern-industrial-label-printing-machine-with-vibrant-red-labels-factory-setting_1055425-24157.jpg 996w, https:\/\/premiersolutionsms.com\/wp-content\/uploads\/2024\/08\/modern-industrial-label-printing-machine-with-vibrant-red-labels-factory-setting_1055425-24157-300x168.jpg 300w, https:\/\/premiersolutionsms.com\/wp-content\/uploads\/2024\/08\/modern-industrial-label-printing-machine-with-vibrant-red-labels-factory-setting_1055425-24157-768x430.jpg 768w\" sizes=\"(max-width: 996px) 100vw, 996px\" \/>\t\t\t\t\t\t\t\t\t\t\t\t\t\t\t<\/div>\n\t\t\t\t<\/div>\n\t\t\t\t\t<\/div>\n\t\t<\/div>\n\t\t\t\t\t<\/div>\n\t\t<\/section>\n\t\t\t\t<\/div>\n\t\t","protected":false},"excerpt":{"rendered":"<p>\u00c0 PROPOS \u00c0 PROPOS Premier Solutions MS Premier Solutions MS est un distributeur de produits d&rsquo;impression bas\u00e9 \u00e0 Montr\u00e9al. \u00a0Ce [&hellip;]<\/p>\n","protected":false},"author":1,"featured_media":0,"parent":0,"menu_order":0,"comment_status":"closed","ping_status":"closed","template":"","meta":{"site-sidebar-layout":"no-sidebar","site-content-layout":"","ast-site-content-layout":"full-width-container","site-content-style":"default","site-sidebar-style":"default","ast-global-header-display":"","ast-banner-title-visibility":"","ast-main-header-display":"","ast-hfb-above-header-display":"","ast-hfb-below-header-display":"","ast-hfb-mobile-header-display":"","site-post-title":"disabled","ast-breadcrumbs-content":"","ast-featured-img":"disabled","footer-sml-layout":"","ast-disable-related-posts":"","theme-transparent-header-meta":"default","adv-header-id-meta":"","stick-header-meta":"","header-above-stick-meta":"","header-main-stick-meta":"","header-below-stick-meta":"","astra-migrate-meta-layouts":"set","ast-page-background-enabled":"default","ast-page-background-meta":{"desktop":{"background-color":"var(--ast-global-color-4)","background-image":"","background-repeat":"repeat","background-position":"center center","background-size":"auto","background-attachment":"scroll","background-type":"","background-media":"","overlay-type":"","overlay-color":"","overlay-opacity":"","overlay-gradient":""},"tablet":{"background-color":"","background-image":"","background-repeat":"repeat","background-position":"center center","background-size":"auto","background-attachment":"scroll","background-type":"","background-media":"","overlay-type":"","overlay-color":"","overlay-opacity":"","overlay-gradient":""},"mobile":{"background-color":"","background-image":"","background-repeat":"repeat","background-position":"center center","background-size":"auto","background-attachment":"scroll","background-type":"","background-media":"","overlay-type":"","overlay-color":"","overlay-opacity":"","overlay-gradient":""}},"ast-content-background-meta":{"desktop":{"background-color":"var(--ast-global-color-5)","background-image":"","background-repeat":"repeat","background-position":"center center","background-size":"auto","background-attachment":"scroll","background-type":"","background-media":"","overlay-type":"","overlay-color":"","overlay-opacity":"","overlay-gradient":""},"tablet":{"background-color":"var(--ast-global-color-5)","background-image":"","background-repeat":"repeat","background-position":"center center","background-size":"auto","background-attachment":"scroll","background-type":"","background-media":"","overlay-type":"","overlay-color":"","overlay-opacity":"","overlay-gradient":""},"mobile":{"background-color":"var(--ast-global-color-5)","background-image":"","background-repeat":"repeat","background-position":"center center","background-size":"auto","background-attachment":"scroll","background-type":"","background-media":"","overlay-type":"","overlay-color":"","overlay-opacity":"","overlay-gradient":""}},"footnotes":""},"class_list":["post-746","page","type-page","status-publish","hentry"],"_links":{"self":[{"href":"https:\/\/premiersolutionsms.com\/fr\/wp-json\/wp\/v2\/pages\/746","targetHints":{"allow":["GET"]}}],"collection":[{"href":"https:\/\/premiersolutionsms.com\/fr\/wp-json\/wp\/v2\/pages"}],"about":[{"href":"https:\/\/premiersolutionsms.com\/fr\/wp-json\/wp\/v2\/types\/page"}],"author":[{"embeddable":true,"href":"https:\/\/premiersolutionsms.com\/fr\/wp-json\/wp\/v2\/users\/1"}],"replies":[{"embeddable":true,"href":"https:\/\/premiersolutionsms.com\/fr\/wp-json\/wp\/v2\/comments?post=746"}],"version-history":[{"count":58,"href":"https:\/\/premiersolutionsms.com\/fr\/wp-json\/wp\/v2\/pages\/746\/revisions"}],"predecessor-version":[{"id":1105,"href":"https:\/\/premiersolutionsms.com\/fr\/wp-json\/wp\/v2\/pages\/746\/revisions\/1105"}],"wp:attachment":[{"href":"https:\/\/premiersolutionsms.com\/fr\/wp-json\/wp\/v2\/media?parent=746"}],"curies":[{"name":"wp","href":"https:\/\/api.w.org\/{rel}","templated":true}]}}